{"id":32,"date":"2025-05-04T15:26:21","date_gmt":"2025-05-04T15:26:21","guid":{"rendered":"https:\/\/www.praktikordelt.cz\/?page_id=32"},"modified":"2025-05-04T15:26:21","modified_gmt":"2025-05-04T15:26:21","slug":"domu","status":"publish","type":"page","link":"https:\/\/www.praktikordelt.cz\/","title":{"rendered":"Dom\u016f"},"content":{"rendered":"\n<p>V\u00edtejte na sv\u00e9m webu! Toto je va\u0161e domovsk\u00e1 str\u00e1nka, co\u017e je m\u00edsto, kter\u00e9 v\u011bt\u0161ina n\u00e1v\u0161t\u011bvn\u00edk\u016f uvid\u00ed, jakmile poprv\u00e9 p\u0159ijdou na v\u00e1\u0161 web.<\/p>\n","protected":false},"excerpt":{"rendered":"<p>V\u00edtejte na sv\u00e9m webu! Toto je va\u0161e domovsk\u00e1 str\u00e1nka, co\u017e je m\u00edsto, kter\u00e9 v\u011bt\u0161ina n\u00e1v\u0161t\u011bvn\u00edk\u016f uvid\u00ed, jakmile poprv\u00e9 p\u0159ijdou na v\u00e1\u0161 web.<\/p>\n","protected":false},"author":1,"featured_media":0,"parent":0,"menu_order":0,"comment_status":"closed","ping_status":"closed","template":"","meta":{"footnotes":""},"class_list":["post-32","page","type-page","status-publish","hentry"],"_links":{"self":[{"href":"https:\/\/www.praktikordelt.cz\/index.php?rest_route=\/wp\/v2\/pages\/32","targetHints":{"allow":["GET"]}}],"collection":[{"href":"https:\/\/www.praktikordelt.cz\/index.php?rest_route=\/wp\/v2\/pages"}],"about":[{"href":"https:\/\/www.praktikordelt.cz\/index.php?rest_route=\/wp\/v2\/types\/page"}],"author":[{"embeddable":true,"href":"https:\/\/www.praktikordelt.cz\/index.php?rest_route=\/wp\/v2\/users\/1"}],"replies":[{"embeddable":true,"href":"https:\/\/www.praktikordelt.cz\/index.php?rest_route=%2Fwp%2Fv2%2Fcomments&post=32"}],"version-history":[{"count":1,"href":"https:\/\/www.praktikordelt.cz\/index.php?rest_route=\/wp\/v2\/pages\/32\/revisions"}],"predecessor-version":[{"id":37,"href":"https:\/\/www.praktikordelt.cz\/index.php?rest_route=\/wp\/v2\/pages\/32\/revisions\/37"}],"wp:attachment":[{"href":"https:\/\/www.praktikordelt.cz\/index.php?rest_route=%2Fwp%2Fv2%2Fmedia&parent=32"}],"curies":[{"name":"wp","href":"https:\/\/api.w.org\/{rel}","templated":true}]}}