{"id":35,"date":"2025-05-04T15:26:21","date_gmt":"2025-05-04T15:26:21","guid":{"rendered":"https:\/\/www.praktikordelt.cz\/?page_id=35"},"modified":"2025-05-04T15:41:16","modified_gmt":"2025-05-04T15:41:16","slug":"kontakt","status":"publish","type":"page","link":"https:\/\/www.praktikordelt.cz\/?page_id=35","title":{"rendered":"Kontakt"},"content":{"rendered":"\n<p>Telefon : 573 338 818<\/p>\n\n\n\n<p>Mail : info@praktikordelt.cz<\/p>\n\n\n\n<p>I\u010c :<\/p>\n\n\n\n<p>Adresa: Komensk\u00e9ho n\u00e1m. 372\/14, Krom\u011b\u0159\u00ed\u017e<\/p>\n","protected":false},"excerpt":{"rendered":"<p>Telefon : 573 338 818 Mail : info@praktikordelt.cz I\u010c : Adresa: Komensk\u00e9ho n\u00e1m. 372\/14, Krom\u011b\u0159\u00ed\u017e<\/p>\n","protected":false},"author":1,"featured_media":0,"parent":2,"menu_order":0,"comment_status":"closed","ping_status":"closed","template":"","meta":{"footnotes":""},"class_list":["post-35","page","type-page","status-publish","hentry"],"_links":{"self":[{"href":"https:\/\/www.praktikordelt.cz\/index.php?rest_route=\/wp\/v2\/pages\/35","targetHints":{"allow":["GET"]}}],"collection":[{"href":"https:\/\/www.praktikordelt.cz\/index.php?rest_route=\/wp\/v2\/pages"}],"about":[{"href":"https:\/\/www.praktikordelt.cz\/index.php?rest_route=\/wp\/v2\/types\/page"}],"author":[{"embeddable":true,"href":"https:\/\/www.praktikordelt.cz\/index.php?rest_route=\/wp\/v2\/users\/1"}],"replies":[{"embeddable":true,"href":"https:\/\/www.praktikordelt.cz\/index.php?rest_route=%2Fwp%2Fv2%2Fcomments&post=35"}],"version-history":[{"count":2,"href":"https:\/\/www.praktikordelt.cz\/index.php?rest_route=\/wp\/v2\/pages\/35\/revisions"}],"predecessor-version":[{"id":48,"href":"https:\/\/www.praktikordelt.cz\/index.php?rest_route=\/wp\/v2\/pages\/35\/revisions\/48"}],"up":[{"embeddable":true,"href":"https:\/\/www.praktikordelt.cz\/index.php?rest_route=\/wp\/v2\/pages\/2"}],"wp:attachment":[{"href":"https:\/\/www.praktikordelt.cz\/index.php?rest_route=%2Fwp%2Fv2%2Fmedia&parent=35"}],"curies":[{"name":"wp","href":"https:\/\/api.w.org\/{rel}","templated":true}]}}