{"id":51,"date":"2025-05-04T15:39:01","date_gmt":"2025-05-04T15:39:01","guid":{"rendered":"https:\/\/www.praktikordelt.cz\/?page_id=51"},"modified":"2025-05-04T15:39:43","modified_gmt":"2025-05-04T15:39:43","slug":"komenskeho-nam-372-14-kromeriz","status":"publish","type":"page","link":"https:\/\/www.praktikordelt.cz\/?page_id=51","title":{"rendered":"Komensk\u00e9ho n\u00e1m. 372\/14, Krom\u011b\u0159\u00ed\u017e"},"content":{"rendered":"","protected":false},"excerpt":{"rendered":"","protected":false},"author":1,"featured_media":0,"parent":0,"menu_order":0,"comment_status":"closed","ping_status":"closed","template":"","meta":{"footnotes":""},"class_list":["post-51","page","type-page","status-publish","hentry"],"_links":{"self":[{"href":"https:\/\/www.praktikordelt.cz\/index.php?rest_route=\/wp\/v2\/pages\/51","targetHints":{"allow":["GET"]}}],"collection":[{"href":"https:\/\/www.praktikordelt.cz\/index.php?rest_route=\/wp\/v2\/pages"}],"about":[{"href":"https:\/\/www.praktikordelt.cz\/index.php?rest_route=\/wp\/v2\/types\/page"}],"author":[{"embeddable":true,"href":"https:\/\/www.praktikordelt.cz\/index.php?rest_route=\/wp\/v2\/users\/1"}],"replies":[{"embeddable":true,"href":"https:\/\/www.praktikordelt.cz\/index.php?rest_route=%2Fwp%2Fv2%2Fcomments&post=51"}],"version-history":[{"count":1,"href":"https:\/\/www.praktikordelt.cz\/index.php?rest_route=\/wp\/v2\/pages\/51\/revisions"}],"predecessor-version":[{"id":53,"href":"https:\/\/www.praktikordelt.cz\/index.php?rest_route=\/wp\/v2\/pages\/51\/revisions\/53"}],"wp:attachment":[{"href":"https:\/\/www.praktikordelt.cz\/index.php?rest_route=%2Fwp%2Fv2%2Fmedia&parent=51"}],"curies":[{"name":"wp","href":"https:\/\/api.w.org\/{rel}","templated":true}]}}